{"id":11127,"date":"2025-12-10T17:52:46","date_gmt":"2025-12-10T16:52:46","guid":{"rendered":"https:\/\/www.grimm-s-testspace.de\/grimms2024\/?page_id=11127"},"modified":"2025-12-19T14:38:40","modified_gmt":"2025-12-19T13:38:40","slug":"impressum","status":"publish","type":"page","link":"https:\/\/www.grimm-s-testspace.de\/grimms2024\/impressum\/","title":{"rendered":"Impressum"},"content":{"rendered":"\t\t<div data-elementor-type=\"wp-page\" data-elementor-id=\"11127\" class=\"elementor elementor-11127\">\n\t\t\t\t\t\t<section class=\"elementor-section elementor-top-section elementor-element elementor-element-4d50d7a elementor-section-full_width wrapper-wide section-normal elementor-section-height-default elementor-section-height-default default\" data-id=\"4d50d7a\" data-element_type=\"section\" data-settings=\"{&quot;background_background&quot;:&quot;classic&quot;}\">\n\t\t\t\t\t\t<div class=\"elementor-container elementor-column-gap-default\">\n\t\t\t\t\t<div class=\"elementor-column elementor-col-100 elementor-top-column elementor-element elementor-element-cba4e79\" data-id=\"cba4e79\" data-element_type=\"column\">\n\t\t\t<div class=\"elementor-widget-wrap elementor-element-populated\">\n\t\t\t\t\t\t<div class=\"elementor-element elementor-element-6b9003d elementor-widget elementor-widget-image\" data-id=\"6b9003d\" data-element_type=\"widget\" data-widget_type=\"image.default\">\n\t\t\t\t<div class=\"elementor-widget-container\">\n\t\t\t\t\t\t\t\t\t\t\t\t\t\t\t\t<a href=\"https:\/\/www.grimm-s-testspace.de\/grimms2024\/\">\n\t\t\t\t\t\t\t<img decoding=\"async\" src=\"https:\/\/www.grimm-s-testspace.de\/grimms2024\/wp-content\/uploads\/2024\/09\/Logo_grimms_classic_white.svg\" title=\"Logo_grimms_classic_white\" alt=\"Logo_grimms_classic_white\" loading=\"lazy\" \/>\t\t\t\t\t\t\t\t<\/a>\n\t\t\t\t\t\t\t\t\t\t\t\t\t\t\t<\/div>\n\t\t\t\t<\/div>\n\t\t\t\t<div class=\"elementor-element elementor-element-6c860e4 elementor-widget elementor-widget-naylatextwrapper\" data-id=\"6c860e4\" data-element_type=\"widget\" data-widget_type=\"naylatextwrapper.default\">\n\t\t\t\t<div class=\"elementor-widget-container\">\n\t\t\t\t\t\n\n\n<div class=\"text-wrapper  \">\n\n    <p class=\"has-anim-text wordsUp  text-h2  false\" data-stagger=\"0.02\" data-duration=\"1\"data-delay=\"0\"data-scrub=\"false\" data-pin=\"false\"> Grimm und Arnold Werbeagentur GmbH<\/p>\n\n\n<\/div>\n\n\n\t\t\t\t<\/div>\n\t\t\t\t<\/div>\n\t\t\t\t<div class=\"elementor-element elementor-element-26d0ec2 elementor-widget elementor-widget-naylatextwrapper\" data-id=\"26d0ec2\" data-element_type=\"widget\" data-widget_type=\"naylatextwrapper.default\">\n\t\t\t\t<div class=\"elementor-widget-container\">\n\t\t\t\t\t\n\n\n<div class=\"text-wrapper  \">\n\n    <p class=\"has-anim-text wordsUp  text-p  false\" data-stagger=\"0.02\" data-duration=\"1\"data-delay=\"0\"data-scrub=\"false\" data-pin=\"false\"> <strong>Anschrift<\/strong><\/br>\nGeorg-Gr\u00f6ning-Stra\u00dfe 46<\/br>\n28209 Bremen<\/br>\n<\/br>\n<a href=\"tel:+4942177771\">+49 421 77771<\/a><\/br>\n<a href=\"mailto:kontakt@grimm-s.de\">kontakt@grimm-s.de<\/a>\n<\/br><\/br>\n<strong>Gesch\u00e4ftsf\u00fchrer<\/strong><\/br>\nOliver Grimm<\/br>\nChristoffer Arnold\n<\/br><\/br>\n<strong>Registergericht<\/strong><\/br>\nAmtsgericht Bremen, HRB 20786\n<\/br><\/br>\n<strong>Umsatzsteuer-Identifikationsnummer<\/strong><\/br>\n(gem\u00e4\u00df \u00a7 27a Umsatzsteuergesetz)<\/br>\nDE220859608\n<\/br><\/br>\n<strong>Inhaltlich verantwortlich<\/strong><\/br>\n(gem\u00e4\u00df \u00a7 55 Abs. 2 RStV)<\/br>\nOliver Grimm,<\/br>\nChristoffer Arnold\n<\/br><\/br>\n<strong>Allgemeine Gesch\u00e4ftsbedingungen<\/strong><\/br>\n<a href=\"https:\/\/www.grimm-s-testspace.de\/grimms2024\/wp-content\/uploads\/2025\/12\/AGB_grimms_ne.pdf\">Download<\/a>\n<\/br><\/br>\n<strong>Haftung f\u00fcr Links<\/strong><\/br>\nUnser Angebot enth\u00e4lt Links zu externen Webseiten Dritter, auf deren Inhalte wir keinen Einfluss haben. Deshalb k\u00f6nnen wir f\u00fcr diese fremden Inhalte auch keine Gew\u00e4hr \u00fcbernehmen. F\u00fcr die Inhalte der verlinkten Seiten ist stets der jeweilige Anbieter oder Betreiber der Seiten verantwortlich. Die verlinkten Seiten wurden zum Zeitpunkt der Verlinkung auf m\u00f6gliche Rechtsverst\u00f6\u00dfe \u00fcberpr\u00fcft. Rechtswidrige Inhalte waren zum Zeitpunkt der Verlinkung nicht erkennbar. Eine permanente inhaltliche Kontrolle der verlinkten Seiten ist jedoch ohne konkrete Anhaltspunkte einer Rechtsverletzung nicht zumutbar. Bei Bekanntwerden von Rechtsverletzungen werden wir derartige Links umgehend entfernen.\n<\/br><\/br>\n<strong>Urheberrecht<\/strong><\/br>\nDie durch die Seitenbetreiber erstellten Inhalte und Werke auf diesen Seiten unterliegen dem deutschen Urheberrecht. Die Vervielf\u00e4ltigung, Bearbeitung, Verbreitung und jede Art der Verwertung au\u00dferhalb der Grenzen des Urheberrechtes bed\u00fcrfen der schriftlichen Zustimmung des jeweiligen Autors bzw. Erstellers. Downloads und Kopien dieser Seite sind nur f\u00fcr den privaten, nicht kommerziellen Gebrauch gestattet. Soweit die Inhalte auf dieser Seite nicht vom Betreiber erstellt wurden, werden die Urheberrechte Dritter beachtet. Insbesondere werden Inhalte Dritter als solche gekennzeichnet. Sollten Sie trotzdem auf eine Urheberrechtsverletzung aufmerksam werden, bitten wir um einen entsprechenden Hinweis. Bei Bekanntwerden von Rechtsverletzungen werden wir derartige Inhalte umgehend entfernen.<\/p>\n\n\n<\/div>\n\n\n\t\t\t\t<\/div>\n\t\t\t\t<\/div>\n\t\t\t\t\t<\/div>\n\t\t<\/div>\n\t\t\t\t\t<\/div>\n\t\t<\/section>\n\t\t\t\t<footer class=\"elementor-section elementor-top-section elementor-element elementor-element-c97dd6a elementor-section-full_width wrapper-fuller section-footer elementor-section-height-default elementor-section-height-default default\" data-id=\"c97dd6a\" data-element_type=\"section\" data-settings=\"{&quot;background_background&quot;:&quot;classic&quot;}\">\n\t\t\t\t\t\t<div class=\"elementor-container elementor-column-gap-default\">\n\t\t\t\t\t<div class=\"elementor-column elementor-col-100 elementor-top-column elementor-element elementor-element-8ca3a4d\" data-id=\"8ca3a4d\" data-element_type=\"column\">\n\t\t\t<div class=\"elementor-widget-wrap elementor-element-populated\">\n\t\t\t\t\t\t<section class=\"elementor-section elementor-inner-section elementor-element elementor-element-482a061 wrapper-fuller elementor-section-full_width elementor-hidden-mobile section-normal elementor-section-height-default elementor-section-height-default default\" data-id=\"482a061\" data-element_type=\"section\">\n\t\t\t\t\t\t<div class=\"elementor-container elementor-column-gap-default\">\n\t\t\t\t\t<div class=\"elementor-column elementor-col-50 elementor-inner-column elementor-element elementor-element-c71a360\" data-id=\"c71a360\" data-element_type=\"column\">\n\t\t\t<div class=\"elementor-widget-wrap elementor-element-populated\">\n\t\t\t\t\t\t<div class=\"elementor-element elementor-element-8e737c0 elementor-widget__width-auto elementor-widget elementor-widget-naylabutton\" data-id=\"8e737c0\" data-element_type=\"widget\" data-widget_type=\"naylabutton.default\">\n\t\t\t\t<div class=\"elementor-widget-container\">\n\t\t\t\t\t\n\n<!--  Button -->\n<div class=\"nayla-button underline   cursor-default\" >\n\n    <span class=\"left-icon\"><\/span>\n\n    <a target=\"_self\" href=\"mailto:%20kontakt@grimm-s.de\">kontakt@grimm-s.de<\/a>\n\n    <span class=\"right-icon\"><\/span>\n\n<\/div>\n<!--\/ Button -->\n\n\n\t\t\t\t<\/div>\n\t\t\t\t<\/div>\n\t\t\t\t<div class=\"elementor-element elementor-element-0328989 elementor-widget__width-auto elementor-widget elementor-widget-naylabutton\" data-id=\"0328989\" data-element_type=\"widget\" data-widget_type=\"naylabutton.default\">\n\t\t\t\t<div class=\"elementor-widget-container\">\n\t\t\t\t\t\n\n<!--  Button -->\n<div class=\"nayla-button underline   cursor-default\" >\n\n    <span class=\"left-icon\"><\/span>\n\n    <a target=\"_self\" href=\"tel:042177771\">+49 421 77771<\/a>\n\n    <span class=\"right-icon\"><\/span>\n\n<\/div>\n<!--\/ Button -->\n\n\n\t\t\t\t<\/div>\n\t\t\t\t<\/div>\n\t\t\t\t\t<\/div>\n\t\t<\/div>\n\t\t\t\t<div class=\"elementor-column elementor-col-50 elementor-inner-column elementor-element elementor-element-a29a025\" data-id=\"a29a025\" data-element_type=\"column\">\n\t\t\t<div class=\"elementor-widget-wrap elementor-element-populated\">\n\t\t\t\t\t\t<div class=\"elementor-element elementor-element-f00752a elementor-widget__width-auto elementor-widget elementor-widget-naylabutton\" data-id=\"f00752a\" data-element_type=\"widget\" data-widget_type=\"naylabutton.default\">\n\t\t\t\t<div class=\"elementor-widget-container\">\n\t\t\t\t\t\n\n<!--  Button -->\n<div class=\"nayla-button underline   cursor-default\" >\n\n    <span class=\"left-icon\"><\/span>\n\n    <a target=\"_self\" href=\"https:\/\/www.grimm-s-testspace.de\/grimms2024\/impressum\/\">Impressum<\/a>\n\n    <span class=\"right-icon\"><\/span>\n\n<\/div>\n<!--\/ Button -->\n\n\n\t\t\t\t<\/div>\n\t\t\t\t<\/div>\n\t\t\t\t<div class=\"elementor-element elementor-element-0bb7c8b elementor-widget__width-auto elementor-widget elementor-widget-naylabutton\" data-id=\"0bb7c8b\" data-element_type=\"widget\" data-widget_type=\"naylabutton.default\">\n\t\t\t\t<div class=\"elementor-widget-container\">\n\t\t\t\t\t\n\n<!--  Button -->\n<div class=\"nayla-button underline   cursor-default\" >\n\n    <span class=\"left-icon\"><\/span>\n\n    <a target=\"_self\" href=\"http:\/\/grimm-s-testspace.de\/grimms2024\/datenschutzerklaerung\">Datenschutz<\/a>\n\n    <span class=\"right-icon\"><\/span>\n\n<\/div>\n<!--\/ Button -->\n\n\n\t\t\t\t<\/div>\n\t\t\t\t<\/div>\n\t\t\t\t<div class=\"elementor-element elementor-element-3399059 elementor-widget elementor-widget-naylatextwrapper\" data-id=\"3399059\" data-element_type=\"widget\" data-widget_type=\"naylatextwrapper.default\">\n\t\t\t\t<div class=\"elementor-widget-container\">\n\t\t\t\t\t\n\n\n<div class=\"text-wrapper no-margin \">\n\n    <p class=\"  text-p  false\" data-stagger=\"0.04\" data-duration=\"1.5\"data-delay=\"1.5\"data-scrub=\"false\" data-pin=\"false\"> \u2764\ufe0f grimm|s  2025<\/p>\n\n\n<\/div>\n\n\n\t\t\t\t<\/div>\n\t\t\t\t<\/div>\n\t\t\t\t\t<\/div>\n\t\t<\/div>\n\t\t\t\t\t<\/div>\n\t\t<\/section>\n\t\t\t\t<div class=\"elementor-element elementor-element-7f196c8 elementor-hidden-desktop elementor-hidden-tablet elementor-widget elementor-widget-naylatextwrapper\" data-id=\"7f196c8\" data-element_type=\"widget\" data-widget_type=\"naylatextwrapper.default\">\n\t\t\t\t<div class=\"elementor-widget-container\">\n\t\t\t\t\t\n\n\n<div class=\"text-wrapper no-margin \">\n\n    <p class=\"  text-p  false\" data-stagger=\"0.04\" data-duration=\"1.5\"data-delay=\"1.5\"data-scrub=\"false\" data-pin=\"false\"> <a href=\"mailto:kontakt@grimm-s.de\">kontakt@grimm-s.de<\/a>\n<\/br><a href=\"tel:+4942177771\">+49 421 77771<\/a>\n<\/br><a href=\"https:\/\/www.grimm-s-testspace.de\/grimms2024\/impressum\/\">Impressum<\/a>\n<\/br><a href=\"http:\/\/grimm-s-testspace.de\/grimms2024\/datenschutzerklaerung\">Datenschutz<\/a>\n<\/br><\/br>\u2764\ufe0f grimm|s  2025<\/p>\n\n\n<\/div>\n\n\n\t\t\t\t<\/div>\n\t\t\t\t<\/div>\n\t\t\t\t\t<\/div>\n\t\t<\/div>\n\t\t\t\t\t<\/div>\n\t\t<\/footer>\n\t\t\t\t<\/div>\n\t\t","protected":false},"excerpt":{"rendered":"<p>Grimm und Arnold Werbeagentur GmbH Anschrift Georg-Gr\u00f6ning-Stra\u00dfe 46 28209 Bremen +49 421 77771 kontakt@grimm-s.de Gesch\u00e4ftsf\u00fchrer Oliver Grimm Christoffer Arnold Registergericht Amtsgericht Bremen, HRB 20786 Umsatzsteuer-Identifikationsnummer (gem\u00e4\u00df \u00a7 27a Umsatzsteuergesetz) DE220859608 [&hellip;]<\/p>\n","protected":false},"author":2,"featured_media":0,"parent":0,"menu_order":0,"comment_status":"closed","ping_status":"closed","template":"","meta":{"_acf_changed":false,"inline_featured_image":false,"footnotes":""},"class_list":["post-11127","page","type-page","status-publish","hentry"],"acf":[],"_links":{"self":[{"href":"https:\/\/www.grimm-s-testspace.de\/grimms2024\/wp-json\/wp\/v2\/pages\/11127","targetHints":{"allow":["GET"]}}],"collection":[{"href":"https:\/\/www.grimm-s-testspace.de\/grimms2024\/wp-json\/wp\/v2\/pages"}],"about":[{"href":"https:\/\/www.grimm-s-testspace.de\/grimms2024\/wp-json\/wp\/v2\/types\/page"}],"author":[{"embeddable":true,"href":"https:\/\/www.grimm-s-testspace.de\/grimms2024\/wp-json\/wp\/v2\/users\/2"}],"replies":[{"embeddable":true,"href":"https:\/\/www.grimm-s-testspace.de\/grimms2024\/wp-json\/wp\/v2\/comments?post=11127"}],"version-history":[{"count":42,"href":"https:\/\/www.grimm-s-testspace.de\/grimms2024\/wp-json\/wp\/v2\/pages\/11127\/revisions"}],"predecessor-version":[{"id":11248,"href":"https:\/\/www.grimm-s-testspace.de\/grimms2024\/wp-json\/wp\/v2\/pages\/11127\/revisions\/11248"}],"wp:attachment":[{"href":"https:\/\/www.grimm-s-testspace.de\/grimms2024\/wp-json\/wp\/v2\/media?parent=11127"}],"curies":[{"name":"wp","href":"https:\/\/api.w.org\/{rel}","templated":true}]}}